{"id":1222,"date":"2017-07-25T13:01:02","date_gmt":"2017-07-25T13:01:02","guid":{"rendered":"http:\/\/avantimedia-fiction.de\/?page_id=1222\/"},"modified":"2017-07-25T14:47:34","modified_gmt":"2017-07-25T14:47:34","slug":"through-the-night-with-gerard-biard-and-inna-shevchenko","status":"publish","type":"page","link":"https:\/\/avantimedia-fiction.de\/en\/through-the-night-with-gerard-biard-and-inna-shevchenko\/","title":{"rendered":"INTO THE NIGHT WITH G\u00c9RARD BIARD AND INNA SHEVCHENKO"},"content":{"rendered":"<div class=\"col-md-5 no-padding\"><\/div>\n<div class=\"col-md-2 pad-t240\">\n<p>\nRegie: Niloufar Taghizadeh \/ Cordula Kablitz-Post<\/p>\n<p>Redaktion: Martin Pieper \/ ZDF-ARTE<\/p>\n<p>Produktion: avanti media fiction<\/p>\n<p>L\u00e4nge: 62 Min.<\/p>\n<p>ARTE 13.11.2016 um 22:55 Uhr<\/p>\n<\/div>\n<div class=\"col-md-5 pad-t125\">\n<div>\n<p class=\"page-heading\">Into the Night with G\u00e9rard Biard and Inna Shevchenko in Paris<\/p>\n<p>G\u00e9rard Biard, editor-in-chief of the satirical magazine &#8220;Charlie Hebdo&#8221; and the Ukrainian feminist leader Inna Shevchenko, spend a common evening under tight security and police protection in Paris, discussing religious criticism, blasphemy and feminism.<br \/>\nBiard has been working for the satire magazine since 1992 and wants to continue circulating socio-political caricatures even after the 7.1.2015  terrorist attack on Charlie Hebdo, in which 12 people were killed,. Biard is one of the most ardent representatives of secularization and founder of the men&#8217;s organization Z\u00e9romacho, which fights against prostitution and for gender equality. Biard has received numerous awards, including the &#8220;PEN\/Toni and James C. Goodale Freedom of Expression Courage Award&#8221; for his political and social commitment. He  has also received numerous death threats since the attack on the satirical magazine Charlie Hebdo, and has  since been regarded as the most imperiled man in France. But instead of being intimidated, he lets all the fanatics who want to impose a new religious totalitarianism on France and the rest of the world know, &#8220;We shit on you!&#8221;<\/p>\n<p>The Ukrainian activist Inna Shevchenko joined the FEMEN association &#8212; whose new, radical form of the women&#8217;s protests has repeatedly attracted the attention of the world press &#8211; after participating in the &#8220;Orange Revolution&#8221; in the Ukraine in 2004. Shevchenko is permanently exposed to  danger through her political commitment and passionate activism. She was beaten up by  the Blearussian Secret Service  in 2011 after a protest in Minsk, and  was almost shot during a panel discussion in Copenhagen last year.  She was given political asylum in France three years ago. Since then, she has lived in Paris and is head of the French FEMEN organization.<\/p>\n<p>Shevchenko, who has lately been a strongly vocal opponent of  the oppression of women in all religious systems and thus has time and again been threatened by Muslim fundamentalists, meets G\u00e9rard Biard in a small caf\u00e9 in the middle of the Parisian nightlife district, in which Islamists indiscriminately  shot people last November.  The last time the two had met was that the funeral of of St\u00e9phane Charbonnier, the former editor of Charlie Hebdo.<br \/>\nIn a heavily guarded caf\u00e9, which remains closed to the public during the shoot, the two are pleased about a new French law that criminalizes clients of prostitutes.  Speaking with Rabbi Delphine Horvilleur, they discuss religious criticism, and how one can fight against  Fundamentalist thinking  in these difficult times, not only in France, but worldwide.  Rabbi Horvilleur pleads for a reinterpretation of the sacred writings of all monotheistic religions,  since in her opinion, the oppression of women in Islam, Christianity and Judaism is only a reflection  of patriarchal power systems that deliberately ignore the feminine roots of religions.<br \/>\nG\u00e9rard Biard is the first man to be allowed to visit FEMEN women in their training rooms, which are connected to the feminist bookshop &#8220;Espace des Femmes&#8221;. Shevchenko leads him through the premises and introduces him to some of the activists. They are making FEMEN logos, the so-called &#8220;boobs prints&#8221;,  for which they  leave color imprints on canvases with their breasts, and which they sell to their supporters. In the &#8220;Espace des Femmes&#8221; they meet Elisabeth Nicoli and Mich\u00e9le Idels,  feminists  from the beginning of the French women&#8217;s movement MLF,  and who have recognized the Femen women as their legitimate granddaughters. Together with  the Iranian exile author and sociologist Chahla Chafiq, they discuss the absurdity of a so-called Muslim feminism, a contradiction in itself.<\/p>\n<p>In the restaurant Le Pharamond , Schevchenko and Biard dine in a Chambre Separ\u00e9e for security reasons, and philosophize about the necessity of blasphemy and the political dimension of Islam, which leaves especially the political left in fear of falling into the trap of alleged tolerance. Both are concerned about the fact that Biard is described by some left-wing critics as a racist, although Charlie Hebdo had ascribed to tolerance and freedom of expression since the beginning. Together, they remember St\u00e9phane Charbonnier, called &#8220;Charb,&#8221; the former editor of Charlie Hebdo, who had been killed by the Islamists, who was a great admirer of Arab culture: &#8220;They don&#8217;t know who killed them!&#8221;<br \/>\nFor just like them, Charbonnier only mocked the Islamists and not Islam. <\/p>\n<\/div>\n<\/div \n\n","protected":false},"excerpt":{"rendered":"<p>Regie: Niloufar Taghizadeh \/ Cordula Kablitz-Post Redaktion: Martin Pieper \/ ZDF-ARTE Produktion: avanti media fiction L\u00e4nge: 62 Min. ARTE 13.11.2016 um 22:55 Uhr Into the Night with G\u00e9rard Biard and Inna Shevchenko in Paris G\u00e9rard Biard, editor-in-chief of the satirical magazine &#8220;Charlie Hebdo&#8221; and the Ukrainian feminist leader Inna Shevchenko, spend a common evening under &hellip; <a href=\"https:\/\/avantimedia-fiction.de\/en\/through-the-night-with-gerard-biard-and-inna-shevchenko\/\">Continued<\/a><\/p>\n","protected":false},"author":1,"featured_media":561,"parent":0,"menu_order":0,"comment_status":"closed","ping_status":"closed","template":"templates\/Produktion-template.php","meta":{"_exactmetrics_skip_tracking":false,"_exactmetrics_sitenote_active":false,"_exactmetrics_sitenote_note":"","_exactmetrics_sitenote_category":0,"footnotes":""},"class_list":["post-1222","page","type-page","status-publish","has-post-thumbnail","hentry"],"_links":{"self":[{"href":"https:\/\/avantimedia-fiction.de\/en\/wp-json\/wp\/v2\/pages\/1222","targetHints":{"allow":["GET"]}}],"collection":[{"href":"https:\/\/avantimedia-fiction.de\/en\/wp-json\/wp\/v2\/pages"}],"about":[{"href":"https:\/\/avantimedia-fiction.de\/en\/wp-json\/wp\/v2\/types\/page"}],"author":[{"embeddable":true,"href":"https:\/\/avantimedia-fiction.de\/en\/wp-json\/wp\/v2\/users\/1"}],"replies":[{"embeddable":true,"href":"https:\/\/avantimedia-fiction.de\/en\/wp-json\/wp\/v2\/comments?post=1222"}],"version-history":[{"count":3,"href":"https:\/\/avantimedia-fiction.de\/en\/wp-json\/wp\/v2\/pages\/1222\/revisions"}],"predecessor-version":[{"id":1260,"href":"https:\/\/avantimedia-fiction.de\/en\/wp-json\/wp\/v2\/pages\/1222\/revisions\/1260"}],"wp:featuredmedia":[{"embeddable":true,"href":"https:\/\/avantimedia-fiction.de\/en\/wp-json\/wp\/v2\/media\/561"}],"wp:attachment":[{"href":"https:\/\/avantimedia-fiction.de\/en\/wp-json\/wp\/v2\/media?parent=1222"}],"curies":[{"name":"wp","href":"https:\/\/api.w.org\/{rel}","templated":true}]}}